{"id":25,"date":"2022-11-24T10:07:05","date_gmt":"2022-11-24T09:07:05","guid":{"rendered":"https:\/\/www.moosalm.info\/?page_id=25"},"modified":"2022-12-13T23:55:32","modified_gmt":"2022-12-13T22:55:32","slug":"impressum","status":"publish","type":"page","link":"https:\/\/www.moosalm.info\/it\/note-legali\/","title":{"rendered":"note legali"},"content":{"rendered":"<p><\/p>\n<h5>Responsabile del contenuto<\/h5>\n<p>Hotel per famiglie a 4 stelle Moosalm<br \/>\nLa famiglia Reinhard, Marita e Petra Tiefenbacher<br \/>\nSchlossberg 24<br \/>\nA-9900 Lienz<\/p>\n<p>Telefono: <a href=\"tel:+43485263837\">+43 4852 63837<\/a><br \/>\nTelefax +43 4852 63837-35<br \/>\nPosta: <a href=\"mai&#108;&#116;&#111;&#x3a;&#x6f;&#x66;&#x66;&#x69;&#x63;e&#64;m&#111;&#111;&#115;&#97;&#x6c;&#x6d;&#x2e;&#x69;&#x6e;&#x66;o\">&#x6f;&#x66;&#x66;&#x69;&#x63;&#101;&#64;&#109;&#111;osa&#x6c;&#x6d;&#x2e;&#x69;&#x6e;&#x66;&#111;<\/a><br \/>\nWeb: <a href=\"https:\/\/www.moosalm.info\/\">www.moosalm.info<\/a><\/p>\n<h5>Copyright<\/h5>\n<p>Il contenuto di questo sito web \u00e8 protetto da copyright. La fornitura di contenuti e immagini da questo sito Web su altri siti Web \u00e8 consentita solo con l&#8217;espressa autorizzazione degli editori. Le informazioni contenute nel sito Web sono state create al meglio delle nostre conoscenze e controllate con grande cura per l&#8217;accuratezza. Tuttavia, non si possono escludere completamente errori di contenuto ed errori di fatto. L&#8217;hotel per famiglie Moosalm non si assume pertanto alcuna garanzia o responsabilit\u00e0 per la correttezza, l&#8217;attualit\u00e0 e la completezza delle informazioni fornite. Tutte le informazioni sono fornite senza garanzia. Ci\u00f2 vale anche per tutti i collegamenti ad altri URL menzionati sul nostro sito web.<\/p>\n<h5>Responsabilit\u00e0 per i link<\/h5>\n<p>Nonostante un attento controllo dei contenuti, non ci assumiamo alcuna responsabilit\u00e0 per i contenuti dei link esterni. Gli operatori delle pagine collegate sono gli unici responsabili del loro contenuto.<\/p>\n<h5>Copyright<\/h5>\n<p>Il contenuto, la struttura e il layout di questo sito Web sono protetti dal diritto d&#8217;autore. I diritti d&#8217;autore per immagini, testi e altre opere protette, marchi ed etichette non sono limitati da questo. Non \u00e8 consentito copiare l&#8217;offerta in tutto o in parte o utilizzarla in altro modo (compresa la stampa su carta) senza l&#8217;espresso consenso del proprietario del media.<\/p>\n<h5>Esclusione di responsabilit\u00e0<\/h5>\n<p>L&#8217;uso di questo sito web \u00e8 solo a scopo informativo. L&#8217;operatore non si assume alcuna responsabilit\u00e0 per l&#8217;attualit\u00e0, la correttezza, la completezza o la qualit\u00e0 delle informazioni fornite. Le informazioni fornite non sono giuridicamente vincolanti. \u00c8 esclusa la responsabilit\u00e0 per danni di qualsiasi tipo causati dall&#8217;uso o dal mancato uso delle informazioni fornite o dall&#8217;uso di informazioni errate o incomplete. In caso di riferimenti diretti o indiretti a siti Web esterni (collegamenti ipertestuali), l&#8217;operatore \u00e8 responsabile solo nella misura in cui \u00e8 a conoscenza di contenuti illegali ed \u00e8 tecnicamente possibile e ragionevole impedire l&#8217;utilizzo di contenuti illegali. L&#8217;operatore dichiara che al momento dell&#8217;inserimento del link non erano riconoscibili contenuti illegali sulle pagine collegate. L&#8217;operatore non ha alcuna influenza sulla struttura attuale e futura, sul contenuto o sulla paternit\u00e0 delle pagine collegate e pertanto prende espressamente le distanze da qualsiasi contenuto illegale ivi presentato. Gli operatori delle pagine collegate sono gli unici responsabili del loro contenuto. Questa esclusione di responsabilit\u00e0 (disclaimer) \u00e8 da considerarsi parte integrante del sito web dal quale si \u00e8 fatto riferimento a questa pagina. Se parti o singole formulazioni di questa esclusione di responsabilit\u00e0 non corrispondono, non corrispondono pi\u00f9 o non corrispondono completamente alla situazione legale applicabile, le restanti parti del documento rimangono inalterate nel loro contenuto e validit\u00e0.<\/p>\n<h5>Concetto &amp; design<\/h5>\n<p><a href=\"https:\/\/www.studio20four.at\" target=\"_blank\" rel=\"noopener\">Studio 20four<\/a><\/p>\n<h5>Programmazione<\/h5>\n<p><a href=\"https:\/\/semu-design.at\" target=\"_blank\" rel=\"noopener\">semu-design<\/a><\/p>","protected":false},"excerpt":{"rendered":"<p>Responsabile del contenuto Hotel per famiglie a 4 stelle Moosalm&hellip;<\/p>\n","protected":false},"author":1,"featured_media":0,"parent":0,"menu_order":18,"comment_status":"closed","ping_status":"closed","template":"","meta":{"_acf_changed":false,"inline_featured_image":false,"footnotes":""},"class_list":["post-25","page","type-page","status-publish","hentry"],"acf":[],"yoast_head":"<!-- This site is optimized with the Yoast SEO plugin v27.4 - https:\/\/yoast.com\/product\/yoast-seo-wordpress\/ -->\n<title>note legali - 4-Sterne-Familienhotel Moosalm<\/title>\n<meta name=\"robots\" content=\"index, follow, max-snippet:-1, max-image-preview:large, max-video-preview:-1\" \/>\n<link rel=\"canonical\" href=\"https:\/\/www.moosalm.info\/it\/impressum\/\" \/>\n<meta property=\"og:locale\" content=\"it_IT\" \/>\n<meta property=\"og:type\" content=\"article\" \/>\n<meta property=\"og:title\" content=\"note legali - 4-Sterne-Familienhotel Moosalm\" \/>\n<meta property=\"og:description\" content=\"Responsabile del contenuto Hotel per famiglie a 4 stelle Moosalm&hellip;\" \/>\n<meta property=\"og:url\" content=\"https:\/\/www.moosalm.info\/it\/impressum\/\" \/>\n<meta property=\"og:site_name\" content=\"4-Sterne-Familienhotel Moosalm\" \/>\n<meta property=\"article:modified_time\" content=\"2022-12-13T22:55:32+00:00\" \/>\n<meta name=\"twitter:card\" content=\"summary_large_image\" \/>\n<meta name=\"twitter:label1\" content=\"Tempo di lettura stimato\" \/>\n\t<meta name=\"twitter:data1\" content=\"3 minuti\" \/>\n<script type=\"application\/ld+json\" class=\"yoast-schema-graph\">{\"@context\":\"https:\\\/\\\/schema.org\",\"@graph\":[{\"@type\":\"WebPage\",\"@id\":\"https:\\\/\\\/www.moosalm.info\\\/it\\\/impressum\\\/\",\"url\":\"https:\\\/\\\/www.moosalm.info\\\/it\\\/impressum\\\/\",\"name\":\"note legali - 4-Sterne-Familienhotel Moosalm\",\"isPartOf\":{\"@id\":\"https:\\\/\\\/www.moosalm.info\\\/it\\\/#website\"},\"datePublished\":\"2022-11-24T09:07:05+00:00\",\"dateModified\":\"2022-12-13T22:55:32+00:00\",\"breadcrumb\":{\"@id\":\"https:\\\/\\\/www.moosalm.info\\\/it\\\/impressum\\\/#breadcrumb\"},\"inLanguage\":\"it-IT\",\"potentialAction\":[{\"@type\":\"ReadAction\",\"target\":[[\"https:\\\/\\\/www.moosalm.info\\\/it\\\/impressum\\\/\"]]}]},{\"@type\":\"BreadcrumbList\",\"@id\":\"https:\\\/\\\/www.moosalm.info\\\/it\\\/impressum\\\/#breadcrumb\",\"itemListElement\":[{\"@type\":\"ListItem\",\"position\":1,\"name\":\"Startseite\",\"item\":\"https:\\\/\\\/www.moosalm.info\\\/it\\\/\"},{\"@type\":\"ListItem\",\"position\":2,\"name\":\"Impressum\"}]},{\"@type\":\"WebSite\",\"@id\":\"https:\\\/\\\/www.moosalm.info\\\/it\\\/#website\",\"url\":\"https:\\\/\\\/www.moosalm.info\\\/it\\\/\",\"name\":\"4-Sterne-Familienhotel Moosalm\",\"description\":\"Urlaub am Berg Am Herzschlag der Sonnenstadt\",\"potentialAction\":[{\"@type\":\"SearchAction\",\"target\":{\"@type\":\"EntryPoint\",\"urlTemplate\":\"https:\\\/\\\/www.moosalm.info\\\/it\\\/?s={search_term_string}\"},\"query-input\":{\"@type\":\"PropertyValueSpecification\",\"valueRequired\":true,\"valueName\":\"search_term_string\"}}],\"inLanguage\":\"it-IT\"}]}<\/script>\n<!-- \/ Yoast SEO plugin. -->","yoast_head_json":{"title":"note legali - 4-Sterne-Familienhotel Moosalm","robots":{"index":"index","follow":"follow","max-snippet":"max-snippet:-1","max-image-preview":"max-image-preview:large","max-video-preview":"max-video-preview:-1"},"canonical":"https:\/\/www.moosalm.info\/it\/impressum\/","og_locale":"it_IT","og_type":"article","og_title":"note legali - 4-Sterne-Familienhotel Moosalm","og_description":"Responsabile del contenuto Hotel per famiglie a 4 stelle Moosalm&hellip;","og_url":"https:\/\/www.moosalm.info\/it\/impressum\/","og_site_name":"4-Sterne-Familienhotel Moosalm","article_modified_time":"2022-12-13T22:55:32+00:00","twitter_card":"summary_large_image","twitter_misc":{"Tempo di lettura stimato":"3 minuti"},"schema":{"@context":"https:\/\/schema.org","@graph":[{"@type":"WebPage","@id":"https:\/\/www.moosalm.info\/it\/impressum\/","url":"https:\/\/www.moosalm.info\/it\/impressum\/","name":"note legali - 4-Sterne-Familienhotel Moosalm","isPartOf":{"@id":"https:\/\/www.moosalm.info\/it\/#website"},"datePublished":"2022-11-24T09:07:05+00:00","dateModified":"2022-12-13T22:55:32+00:00","breadcrumb":{"@id":"https:\/\/www.moosalm.info\/it\/impressum\/#breadcrumb"},"inLanguage":"it-IT","potentialAction":[{"@type":"ReadAction","target":[["https:\/\/www.moosalm.info\/it\/impressum\/"]]}]},{"@type":"BreadcrumbList","@id":"https:\/\/www.moosalm.info\/it\/impressum\/#breadcrumb","itemListElement":[{"@type":"ListItem","position":1,"name":"Startseite","item":"https:\/\/www.moosalm.info\/it\/"},{"@type":"ListItem","position":2,"name":"Impressum"}]},{"@type":"WebSite","@id":"https:\/\/www.moosalm.info\/it\/#website","url":"https:\/\/www.moosalm.info\/it\/","name":"4-Sterne-Familienhotel Moosalm","description":"Urlaub am Berg Am Herzschlag der Sonnenstadt","potentialAction":[{"@type":"SearchAction","target":{"@type":"EntryPoint","urlTemplate":"https:\/\/www.moosalm.info\/it\/?s={search_term_string}"},"query-input":{"@type":"PropertyValueSpecification","valueRequired":true,"valueName":"search_term_string"}}],"inLanguage":"it-IT"}]}},"_links":{"self":[{"href":"https:\/\/www.moosalm.info\/it\/wp-json\/wp\/v2\/pages\/25","targetHints":{"allow":["GET"]}}],"collection":[{"href":"https:\/\/www.moosalm.info\/it\/wp-json\/wp\/v2\/pages"}],"about":[{"href":"https:\/\/www.moosalm.info\/it\/wp-json\/wp\/v2\/types\/page"}],"author":[{"embeddable":true,"href":"https:\/\/www.moosalm.info\/it\/wp-json\/wp\/v2\/users\/1"}],"replies":[{"embeddable":true,"href":"https:\/\/www.moosalm.info\/it\/wp-json\/wp\/v2\/comments?post=25"}],"version-history":[{"count":9,"href":"https:\/\/www.moosalm.info\/it\/wp-json\/wp\/v2\/pages\/25\/revisions"}],"predecessor-version":[{"id":478,"href":"https:\/\/www.moosalm.info\/it\/wp-json\/wp\/v2\/pages\/25\/revisions\/478"}],"wp:attachment":[{"href":"https:\/\/www.moosalm.info\/it\/wp-json\/wp\/v2\/media?parent=25"}],"curies":[{"name":"wp","href":"https:\/\/api.w.org\/{rel}","templated":true}]}}