{"id":500,"date":"2023-02-17T16:13:12","date_gmt":"2023-02-17T15:13:12","guid":{"rendered":"https:\/\/www.moosalm.info\/?page_id=500"},"modified":"2023-03-09T21:07:27","modified_gmt":"2023-03-09T20:07:27","slug":"moosalm-kinderrennen","status":"publish","type":"page","link":"https:\/\/www.moosalm.info\/en\/kinderrennen\/","title":{"rendered":"Kinderrennen 2023"},"content":{"rendered":"<p class=\"qtranxs-available-languages-message qtranxs-available-languages-message-en\">Sorry, this entry is only available in <a href=\"https:\/\/www.moosalm.info\/de\/wp-json\/wp\/v2\/pages\/500\" class=\"qtranxs-available-language-link qtranxs-available-language-link-de\" title=\"de\">de<\/a>.<\/p><p>Sonntag 12.03.2023, Start um 10.15 Uhr<\/p>\n<p>Das offizielle Moosalm-Kinderskirennen findet f\u00fcr Kinder statt. Jedes Kind erh\u00e4lt wie immer einen Sachpreis und nimmt an der gro\u00dfen Tombola teil. Nach dem Kinderskirennen findet das Familienskirennen statt, wo die Zeiten der restlichen Familienmitglieder ermittelt werden. Die Familienwertung besteht aus 3 L\u00e4ufern, wobei die Laufzeit der teilnehmenden Kinder vom offiziellen Kinderrennen verwendet wird. Aus den drei Zeiten wird die Mittelzeit errechnet und somit die Siegerfamilie ermittelt. Die ersten drei Familien erhalten einen Sachpreis.<\/p>\n<p>Teilnahmeberechtigt f\u00fcr die Familienwertung sind zum Beispiel:<br \/>\n<strong>1 Kind + 2 Elternteile<\/strong> oder <strong>1 Kind + 1 Elternteil + 1 Gro\u00dfelternteil oder \u00e4lteres Geschwister <\/strong>oder <strong>2 Kinder + je 1 Eltern- oder Gro\u00dfelternteil<br \/>\n<\/strong>Wir freuen uns auf eine gro\u00dfe Beteiligung der Familien!<\/p>\n<h5>Klassen:<\/h5>\n<p><strong>Kleinkinder I: <\/strong>2018 &amp; ju\u0308nger<br \/>\n<strong>Kleinkinder II:<\/strong> 2017 &#8211; 2016<br \/>\n<strong>Kinder I:<\/strong> 2015 &#8211; 2014<br \/>\n<strong>Kinder II:<\/strong> 2013 &#8211; 2012<\/p>\n<p>&nbsp;<\/p>\n<blockquote><p>Jetzt anmelden:<\/p><\/blockquote>\n<p><\/p>","protected":false},"excerpt":{"rendered":"<p>Sorry, this entry is only available in de.Sonntag 12.03.2023, Start&hellip;<\/p>\n","protected":false},"author":1,"featured_media":0,"parent":0,"menu_order":20,"comment_status":"closed","ping_status":"closed","template":"page-templates\/anfrage.php","meta":{"_acf_changed":false,"inline_featured_image":false,"footnotes":""},"class_list":["post-500","page","type-page","status-publish","hentry"],"acf":[],"yoast_head":"<!-- This site is optimized with the Yoast SEO plugin v27.4 - https:\/\/yoast.com\/product\/yoast-seo-wordpress\/ -->\n<title>Kinderrennen 2023 - 4-Sterne-Familienhotel Moosalm<\/title>\n<meta name=\"robots\" content=\"index, follow, max-snippet:-1, max-image-preview:large, max-video-preview:-1\" \/>\n<link rel=\"canonical\" href=\"https:\/\/www.moosalm.info\/en\/kinderrennen\/\" \/>\n<meta property=\"og:locale\" content=\"en_US\" \/>\n<meta property=\"og:type\" content=\"article\" \/>\n<meta property=\"og:title\" content=\"Kinderrennen 2023 - 4-Sterne-Familienhotel Moosalm\" \/>\n<meta property=\"og:description\" content=\"Sorry, this entry is only available in de.Sonntag 12.03.2023, Start&hellip;\" \/>\n<meta property=\"og:url\" content=\"https:\/\/www.moosalm.info\/en\/kinderrennen\/\" \/>\n<meta property=\"og:site_name\" content=\"4-Sterne-Familienhotel Moosalm\" \/>\n<meta property=\"article:modified_time\" content=\"2023-03-09T20:07:27+00:00\" \/>\n<meta name=\"twitter:card\" content=\"summary_large_image\" \/>\n<meta name=\"twitter:label1\" content=\"Est. reading time\" \/>\n\t<meta name=\"twitter:data1\" content=\"1 minute\" \/>\n<script type=\"application\/ld+json\" class=\"yoast-schema-graph\">{\"@context\":\"https:\\\/\\\/schema.org\",\"@graph\":[{\"@type\":\"WebPage\",\"@id\":\"https:\\\/\\\/www.moosalm.info\\\/en\\\/kinderrennen\\\/\",\"url\":\"https:\\\/\\\/www.moosalm.info\\\/en\\\/kinderrennen\\\/\",\"name\":\"Kinderrennen 2023 - 4-Sterne-Familienhotel Moosalm\",\"isPartOf\":{\"@id\":\"https:\\\/\\\/www.moosalm.info\\\/en\\\/#website\"},\"datePublished\":\"2023-02-17T15:13:12+00:00\",\"dateModified\":\"2023-03-09T20:07:27+00:00\",\"breadcrumb\":{\"@id\":\"https:\\\/\\\/www.moosalm.info\\\/en\\\/kinderrennen\\\/#breadcrumb\"},\"inLanguage\":\"en-US\",\"potentialAction\":[{\"@type\":\"ReadAction\",\"target\":[[\"https:\\\/\\\/www.moosalm.info\\\/en\\\/kinderrennen\\\/\"]]}]},{\"@type\":\"BreadcrumbList\",\"@id\":\"https:\\\/\\\/www.moosalm.info\\\/en\\\/kinderrennen\\\/#breadcrumb\",\"itemListElement\":[{\"@type\":\"ListItem\",\"position\":1,\"name\":\"Startseite\",\"item\":\"https:\\\/\\\/www.moosalm.info\\\/en\\\/\"},{\"@type\":\"ListItem\",\"position\":2,\"name\":\"Kinderrennen 2023\"}]},{\"@type\":\"WebSite\",\"@id\":\"https:\\\/\\\/www.moosalm.info\\\/en\\\/#website\",\"url\":\"https:\\\/\\\/www.moosalm.info\\\/en\\\/\",\"name\":\"4-Sterne-Familienhotel Moosalm\",\"description\":\"Urlaub am Berg Am Herzschlag der Sonnenstadt\",\"potentialAction\":[{\"@type\":\"SearchAction\",\"target\":{\"@type\":\"EntryPoint\",\"urlTemplate\":\"https:\\\/\\\/www.moosalm.info\\\/en\\\/?s={search_term_string}\"},\"query-input\":{\"@type\":\"PropertyValueSpecification\",\"valueRequired\":true,\"valueName\":\"search_term_string\"}}],\"inLanguage\":\"en-US\"}]}<\/script>\n<!-- \/ Yoast SEO plugin. -->","yoast_head_json":{"title":"Kinderrennen 2023 - 4-Sterne-Familienhotel Moosalm","robots":{"index":"index","follow":"follow","max-snippet":"max-snippet:-1","max-image-preview":"max-image-preview:large","max-video-preview":"max-video-preview:-1"},"canonical":"https:\/\/www.moosalm.info\/en\/kinderrennen\/","og_locale":"en_US","og_type":"article","og_title":"Kinderrennen 2023 - 4-Sterne-Familienhotel Moosalm","og_description":"Sorry, this entry is only available in de.Sonntag 12.03.2023, Start&hellip;","og_url":"https:\/\/www.moosalm.info\/en\/kinderrennen\/","og_site_name":"4-Sterne-Familienhotel Moosalm","article_modified_time":"2023-03-09T20:07:27+00:00","twitter_card":"summary_large_image","twitter_misc":{"Est. reading time":"1 minute"},"schema":{"@context":"https:\/\/schema.org","@graph":[{"@type":"WebPage","@id":"https:\/\/www.moosalm.info\/en\/kinderrennen\/","url":"https:\/\/www.moosalm.info\/en\/kinderrennen\/","name":"Kinderrennen 2023 - 4-Sterne-Familienhotel Moosalm","isPartOf":{"@id":"https:\/\/www.moosalm.info\/en\/#website"},"datePublished":"2023-02-17T15:13:12+00:00","dateModified":"2023-03-09T20:07:27+00:00","breadcrumb":{"@id":"https:\/\/www.moosalm.info\/en\/kinderrennen\/#breadcrumb"},"inLanguage":"en-US","potentialAction":[{"@type":"ReadAction","target":[["https:\/\/www.moosalm.info\/en\/kinderrennen\/"]]}]},{"@type":"BreadcrumbList","@id":"https:\/\/www.moosalm.info\/en\/kinderrennen\/#breadcrumb","itemListElement":[{"@type":"ListItem","position":1,"name":"Startseite","item":"https:\/\/www.moosalm.info\/en\/"},{"@type":"ListItem","position":2,"name":"Kinderrennen 2023"}]},{"@type":"WebSite","@id":"https:\/\/www.moosalm.info\/en\/#website","url":"https:\/\/www.moosalm.info\/en\/","name":"4-Sterne-Familienhotel Moosalm","description":"Urlaub am Berg Am Herzschlag der Sonnenstadt","potentialAction":[{"@type":"SearchAction","target":{"@type":"EntryPoint","urlTemplate":"https:\/\/www.moosalm.info\/en\/?s={search_term_string}"},"query-input":{"@type":"PropertyValueSpecification","valueRequired":true,"valueName":"search_term_string"}}],"inLanguage":"en-US"}]}},"_links":{"self":[{"href":"https:\/\/www.moosalm.info\/en\/wp-json\/wp\/v2\/pages\/500","targetHints":{"allow":["GET"]}}],"collection":[{"href":"https:\/\/www.moosalm.info\/en\/wp-json\/wp\/v2\/pages"}],"about":[{"href":"https:\/\/www.moosalm.info\/en\/wp-json\/wp\/v2\/types\/page"}],"author":[{"embeddable":true,"href":"https:\/\/www.moosalm.info\/en\/wp-json\/wp\/v2\/users\/1"}],"replies":[{"embeddable":true,"href":"https:\/\/www.moosalm.info\/en\/wp-json\/wp\/v2\/comments?post=500"}],"version-history":[{"count":9,"href":"https:\/\/www.moosalm.info\/en\/wp-json\/wp\/v2\/pages\/500\/revisions"}],"predecessor-version":[{"id":650,"href":"https:\/\/www.moosalm.info\/en\/wp-json\/wp\/v2\/pages\/500\/revisions\/650"}],"wp:attachment":[{"href":"https:\/\/www.moosalm.info\/en\/wp-json\/wp\/v2\/media?parent=500"}],"curies":[{"name":"wp","href":"https:\/\/api.w.org\/{rel}","templated":true}]}}